{"id":1719,"date":"2025-03-24T11:23:54","date_gmt":"2025-03-24T10:23:54","guid":{"rendered":"http:\/\/atelierlabarbue.com\/?page_id=1719"},"modified":"2025-03-24T11:23:54","modified_gmt":"2025-03-24T10:23:54","slug":"table-de-nuit-annees-60","status":"publish","type":"page","link":"https:\/\/atelierlabarbue.com\/index.php\/table-de-nuit-annees-60\/","title":{"rendered":"Table de nuit ann\u00e9es 60"},"content":{"rendered":"\n<p>J&rsquo;ai chin\u00e9 cette table de nuit datant des ann\u00e9es 60 puis je l&rsquo;ai restaur\u00e9e. La majeure partie de la restauration a consist\u00e9 \u00e0 faire plusieurs greffes de placage sur les c\u00f4t\u00e9s et att\u00e9nuer la majorit\u00e9 des rayures pr\u00e9sentes sur l&rsquo;ensemble. <br>Quelques d\u00e9fauts dans le vernis sont encore visibles, mais cette restauration lui permettra d&rsquo;avoir une seconde vie ! <\/p>\n\n\n\n<h3 class=\"wp-block-heading has-text-align-center has-background-color has-text-color has-background has-link-color wp-elements-f5765be5c0035830e8e8515a6135af64\" style=\"background-color:#a4dc9f\">\u00c0 Vendre ! <\/h3>\n\n\n\n<figure class=\"wp-block-image aligncenter size-large\"><img loading=\"lazy\" decoding=\"async\" width=\"819\" height=\"1024\" src=\"http:\/\/atelierlabarbue.com\/wp-content\/uploads\/2025\/03\/GRANDEDSC_6269-copie-819x1024.jpg\" alt=\"\" class=\"wp-image-1720\" srcset=\"https:\/\/atelierlabarbue.com\/wp-content\/uploads\/2025\/03\/GRANDEDSC_6269-copie-819x1024.jpg 819w, https:\/\/atelierlabarbue.com\/wp-content\/uploads\/2025\/03\/GRANDEDSC_6269-copie-240x300.jpg 240w, https:\/\/atelierlabarbue.com\/wp-content\/uploads\/2025\/03\/GRANDEDSC_6269-copie-768x960.jpg 768w, https:\/\/atelierlabarbue.com\/wp-content\/uploads\/2025\/03\/GRANDEDSC_6269-copie-1229x1536.jpg 1229w, https:\/\/atelierlabarbue.com\/wp-content\/uploads\/2025\/03\/GRANDEDSC_6269-copie-1638x2048.jpg 1638w, https:\/\/atelierlabarbue.com\/wp-content\/uploads\/2025\/03\/GRANDEDSC_6269-copie-1170x1463.jpg 1170w, https:\/\/atelierlabarbue.com\/wp-content\/uploads\/2025\/03\/GRANDEDSC_6269-copie-scaled.jpg 2048w\" sizes=\"auto, (max-width: 819px) 100vw, 819px\" \/><figcaption class=\"wp-element-caption\">Table de nuit ann\u00e9es 60<\/figcaption><\/figure>\n\n\n\n<p>La poign\u00e9e est en Bak\u00e9lite noire, orn\u00e9e de laiton. Le contour inf\u00e9rieur du corps du meuble est serti d&rsquo;une baguette de laiton. <\/p>\n\n\n\n<p>Dimensions : H 50,5      L 56      P 35  cm<br>Mat\u00e9riaux : Placage en Sappelli, Bak\u00e9lite, laiton<br>Prix : 90\u20ac<\/p>\n\n\n\n<p>Pourquoi acheter neuf quand le mobilier de seconde main est plus esth\u00e9tique, utilise de beaux mat\u00e9riaux et tient mieux dans le temps ?! <\/p>\n\n\n\n<p class=\"has-text-align-center has-text-color has-link-color wp-elements-63180d957f4184670be520d71a74344a\" style=\"color:#f78181\">Une question, un devis ?\u00a0<a href=\"http:\/\/atelierlabarbue.com\/index.php\/contact-latelier-la-barbue\/\">Contactez Atelier la Barbue<\/a>\u00a0!<\/p>\n\n\n\n<p>Pour suivre toute l\u2019actualit\u00e9 d\u2019Atelier la Barbue : les derni\u00e8res restaurations, fabrications de mobilier, cr\u00e9ations de bijoux, et vous tenir au courant des prochains march\u00e9s et \u00e9v\u00e9nements auxquels je serais pr\u00e9sente, abonnez-vous aux comptes instagram et Facebook !<\/p>\n\n\n\n<ul class=\"wp-block-social-links is-content-justification-center is-layout-flex wp-container-core-social-links-is-layout-a89b3969 wp-block-social-links-is-layout-flex\"><li class=\"wp-social-link wp-social-link-instagram  wp-block-social-link\"><a href=\"https:\/\/www.instagram.com\/atelierlabarbue\/\" class=\"wp-block-social-link-anchor\"><svg width=\"24\" height=\"24\" viewBox=\"0 0 24 24\" version=\"1.1\" xmlns=\"http:\/\/www.w3.org\/2000\/svg\" aria-hidden=\"true\" focusable=\"false\"><path d=\"M12,4.622c2.403,0,2.688,0.009,3.637,0.052c0.877,0.04,1.354,0.187,1.671,0.31c0.42,0.163,0.72,0.358,1.035,0.673 c0.315,0.315,0.51,0.615,0.673,1.035c0.123,0.317,0.27,0.794,0.31,1.671c0.043,0.949,0.052,1.234,0.052,3.637 s-0.009,2.688-0.052,3.637c-0.04,0.877-0.187,1.354-0.31,1.671c-0.163,0.42-0.358,0.72-0.673,1.035 c-0.315,0.315-0.615,0.51-1.035,0.673c-0.317,0.123-0.794,0.27-1.671,0.31c-0.949,0.043-1.233,0.052-3.637,0.052 s-2.688-0.009-3.637-0.052c-0.877-0.04-1.354-0.187-1.671-0.31c-0.42-0.163-0.72-0.358-1.035-0.673 c-0.315-0.315-0.51-0.615-0.673-1.035c-0.123-0.317-0.27-0.794-0.31-1.671C4.631,14.688,4.622,14.403,4.622,12 s0.009-2.688,0.052-3.637c0.04-0.877,0.187-1.354,0.31-1.671c0.163-0.42,0.358-0.72,0.673-1.035 c0.315-0.315,0.615-0.51,1.035-0.673c0.317-0.123,0.794-0.27,1.671-0.31C9.312,4.631,9.597,4.622,12,4.622 M12,3 C9.556,3,9.249,3.01,8.289,3.054C7.331,3.098,6.677,3.25,6.105,3.472C5.513,3.702,5.011,4.01,4.511,4.511 c-0.5,0.5-0.808,1.002-1.038,1.594C3.25,6.677,3.098,7.331,3.054,8.289C3.01,9.249,3,9.556,3,12c0,2.444,0.01,2.751,0.054,3.711 c0.044,0.958,0.196,1.612,0.418,2.185c0.23,0.592,0.538,1.094,1.038,1.594c0.5,0.5,1.002,0.808,1.594,1.038 c0.572,0.222,1.227,0.375,2.185,0.418C9.249,20.99,9.556,21,12,21s2.751-0.01,3.711-0.054c0.958-0.044,1.612-0.196,2.185-0.418 c0.592-0.23,1.094-0.538,1.594-1.038c0.5-0.5,0.808-1.002,1.038-1.594c0.222-0.572,0.375-1.227,0.418-2.185 C20.99,14.751,21,14.444,21,12s-0.01-2.751-0.054-3.711c-0.044-0.958-0.196-1.612-0.418-2.185c-0.23-0.592-0.538-1.094-1.038-1.594 c-0.5-0.5-1.002-0.808-1.594-1.038c-0.572-0.222-1.227-0.375-2.185-0.418C14.751,3.01,14.444,3,12,3L12,3z M12,7.378 c-2.552,0-4.622,2.069-4.622,4.622S9.448,16.622,12,16.622s4.622-2.069,4.622-4.622S14.552,7.378,12,7.378z M12,15 c-1.657,0-3-1.343-3-3s1.343-3,3-3s3,1.343,3,3S13.657,15,12,15z M16.804,6.116c-0.596,0-1.08,0.484-1.08,1.08 s0.484,1.08,1.08,1.08c0.596,0,1.08-0.484,1.08-1.08S17.401,6.116,16.804,6.116z\"><\/path><\/svg><span class=\"wp-block-social-link-label screen-reader-text\">Instagram<\/span><\/a><\/li><\/ul>\n\n\n\n<ul class=\"wp-block-social-links is-content-justification-center is-layout-flex wp-container-core-social-links-is-layout-a89b3969 wp-block-social-links-is-layout-flex\"><li class=\"wp-social-link wp-social-link-facebook  wp-block-social-link\"><a href=\"https:\/\/www.facebook.com\/atelierlabarbue?locale=fr_FR\" class=\"wp-block-social-link-anchor\"><svg width=\"24\" height=\"24\" viewBox=\"0 0 24 24\" version=\"1.1\" xmlns=\"http:\/\/www.w3.org\/2000\/svg\" aria-hidden=\"true\" focusable=\"false\"><path d=\"M12 2C6.5 2 2 6.5 2 12c0 5 3.7 9.1 8.4 9.9v-7H7.9V12h2.5V9.8c0-2.5 1.5-3.9 3.8-3.9 1.1 0 2.2.2 2.2.2v2.5h-1.3c-1.2 0-1.6.8-1.6 1.6V12h2.8l-.4 2.9h-2.3v7C18.3 21.1 22 17 22 12c0-5.5-4.5-10-10-10z\"><\/path><\/svg><span class=\"wp-block-social-link-label screen-reader-text\">Facebook<\/span><\/a><\/li><\/ul>\n\n\n\n<p class=\"has-background-color has-text-color has-link-color has-tiny-font-size wp-elements-6900296eae9642cdda12d9bde76787af\" id=\"block-2651bcea-ac49-4a1b-94a2-e1dce86fdf70\">Artisanat Local, Rennes et sa m\u00e9tropole. Acheter du mobilier localement, mobilier \u00e9thique. Mobilier de seconde main, remis en \u00e9tat par Atelier la Barbue par un travail de restauration du mobilier. Pourquoi acheter neuf quand le mobilier de seconde main est plus esth\u00e9tique, utilise de beaux mat\u00e9riaux et tient mieux dans le temps ?! Meubles anciens, datant des ann\u00e9es 60 en Sapelli (bois exotique), Bak\u00e9lite et laiton. <br>Table de nuit \u00e0 vendre 90\u20ac. Vous souhaitez restaurer un meuble ancien ?<br>Plut\u00f4t que de jeter pour remplacer par du neuf, on peut ainsi choisir de restaurer un meuble remis\u00e9.\u00a0\u00c9b\u00e9niste \u00e0 Rennes, Anna de L\u2019atelier la Barbue r\u00e9alise la restauration de\u00a0<strong>meubles anciens<\/strong>, la\u00a0<strong>vente de meubles<\/strong>\u00a0restaur\u00e9s, la\u00a0<strong>fabrication de meubles sur mesure<\/strong>\u00a0(claustras) et la\u00a0<strong>cr\u00e9ation de bijoux en bois<\/strong>.\u00a0<\/p>\n\n\n\n<p><\/p>\n","protected":false},"excerpt":{"rendered":"<p>J&rsquo;ai chin\u00e9 cette table de nuit datant des ann\u00e9es 60 puis je l&rsquo;ai restaur\u00e9e. La majeure partie de la restauration a consist\u00e9 \u00e0 faire plusieurs greffes de placage sur les c\u00f4t\u00e9s et att\u00e9nuer la majorit\u00e9 des rayures pr\u00e9sentes sur l&rsquo;ensemble. Quelques d\u00e9fauts dans le vernis sont encore visibles, mais cette restauration lui permettra d&rsquo;avoir une [&hellip;]<\/p>\n","protected":false},"author":1,"featured_media":0,"parent":0,"menu_order":0,"comment_status":"closed","ping_status":"closed","template":"","meta":{"_themeisle_gutenberg_block_has_review":false,"footnotes":""},"class_list":["post-1719","page","type-page","status-publish","hentry"],"yoast_head":"<!-- This site is optimized with the Yoast SEO plugin v27.4 - https:\/\/yoast.com\/product\/yoast-seo-wordpress\/ -->\n<title>Table de nuit ann\u00e9es 60 - Atelier la barbue<\/title>\n<meta name=\"description\" content=\"J&#039;ai chin\u00e9 cette table de nuit datant des ann\u00e9es 60 puis je l&#039;ai restaur\u00e9e. La majeure partie de la restauration a consist\u00e9 \u00e0 faire plusieurs greffes de placage sur les c\u00f4t\u00e9s et att\u00e9nuer la majorit\u00e9 des rayures pr\u00e9sentes sur l&#039;ensemble. Quelques d\u00e9faut dans le vernis sont encore visible, mais cette restauration lui permettra d&#039;avoir une seconde vie !\" \/>\n<meta name=\"robots\" content=\"index, follow, max-snippet:-1, max-image-preview:large, max-video-preview:-1\" \/>\n<link rel=\"canonical\" href=\"https:\/\/atelierlabarbue.com\/index.php\/table-de-nuit-annees-60\/\" \/>\n<meta property=\"og:locale\" content=\"fr_FR\" \/>\n<meta property=\"og:type\" content=\"article\" \/>\n<meta property=\"og:title\" content=\"Table de nuit ann\u00e9es 60 - Atelier la barbue\" \/>\n<meta property=\"og:description\" content=\"J&#039;ai chin\u00e9 cette table de nuit datant des ann\u00e9es 60 puis je l&#039;ai restaur\u00e9e. La majeure partie de la restauration a consist\u00e9 \u00e0 faire plusieurs greffes de placage sur les c\u00f4t\u00e9s et att\u00e9nuer la majorit\u00e9 des rayures pr\u00e9sentes sur l&#039;ensemble. Quelques d\u00e9faut dans le vernis sont encore visible, mais cette restauration lui permettra d&#039;avoir une seconde vie !\" \/>\n<meta property=\"og:url\" content=\"https:\/\/atelierlabarbue.com\/index.php\/table-de-nuit-annees-60\/\" \/>\n<meta property=\"og:site_name\" content=\"Atelier la barbue\" \/>\n<meta property=\"article:publisher\" content=\"https:\/\/www.facebook.com\/profile.php?id=100090210846448\" \/>\n<meta property=\"og:image\" content=\"http:\/\/atelierlabarbue.com\/wp-content\/uploads\/2025\/03\/GRANDEDSC_6269-copie-819x1024.jpg\" \/>\n<meta name=\"twitter:card\" content=\"summary_large_image\" \/>\n<meta name=\"twitter:label1\" content=\"Dur\u00e9e de lecture estim\u00e9e\" \/>\n\t<meta name=\"twitter:data1\" content=\"2 minutes\" \/>\n<script type=\"application\/ld+json\" class=\"yoast-schema-graph\">{\"@context\":\"https:\\\/\\\/schema.org\",\"@graph\":[{\"@type\":\"WebPage\",\"@id\":\"https:\\\/\\\/atelierlabarbue.com\\\/index.php\\\/table-de-nuit-annees-60\\\/\",\"url\":\"https:\\\/\\\/atelierlabarbue.com\\\/index.php\\\/table-de-nuit-annees-60\\\/\",\"name\":\"Table de nuit ann\u00e9es 60 - Atelier la barbue\",\"isPartOf\":{\"@id\":\"https:\\\/\\\/atelierlabarbue.com\\\/#website\"},\"primaryImageOfPage\":{\"@id\":\"https:\\\/\\\/atelierlabarbue.com\\\/index.php\\\/table-de-nuit-annees-60\\\/#primaryimage\"},\"image\":{\"@id\":\"https:\\\/\\\/atelierlabarbue.com\\\/index.php\\\/table-de-nuit-annees-60\\\/#primaryimage\"},\"thumbnailUrl\":\"http:\\\/\\\/atelierlabarbue.com\\\/wp-content\\\/uploads\\\/2025\\\/03\\\/GRANDEDSC_6269-copie-819x1024.jpg\",\"datePublished\":\"2025-03-24T10:23:54+00:00\",\"description\":\"J'ai chin\u00e9 cette table de nuit datant des ann\u00e9es 60 puis je l'ai restaur\u00e9e. La majeure partie de la restauration a consist\u00e9 \u00e0 faire plusieurs greffes de placage sur les c\u00f4t\u00e9s et att\u00e9nuer la majorit\u00e9 des rayures pr\u00e9sentes sur l'ensemble. Quelques d\u00e9faut dans le vernis sont encore visible, mais cette restauration lui permettra d'avoir une seconde vie !\",\"breadcrumb\":{\"@id\":\"https:\\\/\\\/atelierlabarbue.com\\\/index.php\\\/table-de-nuit-annees-60\\\/#breadcrumb\"},\"inLanguage\":\"fr-FR\",\"potentialAction\":[{\"@type\":\"ReadAction\",\"target\":[\"https:\\\/\\\/atelierlabarbue.com\\\/index.php\\\/table-de-nuit-annees-60\\\/\"]}]},{\"@type\":\"ImageObject\",\"inLanguage\":\"fr-FR\",\"@id\":\"https:\\\/\\\/atelierlabarbue.com\\\/index.php\\\/table-de-nuit-annees-60\\\/#primaryimage\",\"url\":\"https:\\\/\\\/atelierlabarbue.com\\\/wp-content\\\/uploads\\\/2025\\\/03\\\/GRANDEDSC_6269-copie-scaled.jpg\",\"contentUrl\":\"https:\\\/\\\/atelierlabarbue.com\\\/wp-content\\\/uploads\\\/2025\\\/03\\\/GRANDEDSC_6269-copie-scaled.jpg\",\"width\":2048,\"height\":2560},{\"@type\":\"BreadcrumbList\",\"@id\":\"https:\\\/\\\/atelierlabarbue.com\\\/index.php\\\/table-de-nuit-annees-60\\\/#breadcrumb\",\"itemListElement\":[{\"@type\":\"ListItem\",\"position\":1,\"name\":\"Accueil\",\"item\":\"https:\\\/\\\/atelierlabarbue.com\\\/\"},{\"@type\":\"ListItem\",\"position\":2,\"name\":\"Table de nuit ann\u00e9es 60\"}]},{\"@type\":\"WebSite\",\"@id\":\"https:\\\/\\\/atelierlabarbue.com\\\/#website\",\"url\":\"https:\\\/\\\/atelierlabarbue.com\\\/\",\"name\":\"Atelier la barbue\",\"description\":\"Restauration de meubles anciens, \u00e9b\u00e9nisterie, cr\u00e9ation de bijoux bois bijoux\",\"publisher\":{\"@id\":\"https:\\\/\\\/atelierlabarbue.com\\\/#organization\"},\"potentialAction\":[{\"@type\":\"SearchAction\",\"target\":{\"@type\":\"EntryPoint\",\"urlTemplate\":\"https:\\\/\\\/atelierlabarbue.com\\\/?s={search_term_string}\"},\"query-input\":{\"@type\":\"PropertyValueSpecification\",\"valueRequired\":true,\"valueName\":\"search_term_string\"}}],\"inLanguage\":\"fr-FR\"},{\"@type\":\"Organization\",\"@id\":\"https:\\\/\\\/atelierlabarbue.com\\\/#organization\",\"name\":\"Atelier la barbue\",\"url\":\"https:\\\/\\\/atelierlabarbue.com\\\/\",\"logo\":{\"@type\":\"ImageObject\",\"inLanguage\":\"fr-FR\",\"@id\":\"https:\\\/\\\/atelierlabarbue.com\\\/#\\\/schema\\\/logo\\\/image\\\/\",\"url\":\"https:\\\/\\\/atelierlabarbue.com\\\/wp-content\\\/uploads\\\/2023\\\/08\\\/favicon2.png\",\"contentUrl\":\"https:\\\/\\\/atelierlabarbue.com\\\/wp-content\\\/uploads\\\/2023\\\/08\\\/favicon2.png\",\"width\":512,\"height\":512,\"caption\":\"Atelier la barbue\"},\"image\":{\"@id\":\"https:\\\/\\\/atelierlabarbue.com\\\/#\\\/schema\\\/logo\\\/image\\\/\"},\"sameAs\":[\"https:\\\/\\\/www.facebook.com\\\/profile.php?id=100090210846448\",\"https:\\\/\\\/www.instagram.com\\\/atelierlabarbue\\\/\"]}]}<\/script>\n<!-- \/ Yoast SEO plugin. -->","yoast_head_json":{"title":"Table de nuit ann\u00e9es 60 - Atelier la barbue","description":"J'ai chin\u00e9 cette table de nuit datant des ann\u00e9es 60 puis je l'ai restaur\u00e9e. La majeure partie de la restauration a consist\u00e9 \u00e0 faire plusieurs greffes de placage sur les c\u00f4t\u00e9s et att\u00e9nuer la majorit\u00e9 des rayures pr\u00e9sentes sur l'ensemble. Quelques d\u00e9faut dans le vernis sont encore visible, mais cette restauration lui permettra d'avoir une seconde vie !","robots":{"index":"index","follow":"follow","max-snippet":"max-snippet:-1","max-image-preview":"max-image-preview:large","max-video-preview":"max-video-preview:-1"},"canonical":"https:\/\/atelierlabarbue.com\/index.php\/table-de-nuit-annees-60\/","og_locale":"fr_FR","og_type":"article","og_title":"Table de nuit ann\u00e9es 60 - Atelier la barbue","og_description":"J'ai chin\u00e9 cette table de nuit datant des ann\u00e9es 60 puis je l'ai restaur\u00e9e. La majeure partie de la restauration a consist\u00e9 \u00e0 faire plusieurs greffes de placage sur les c\u00f4t\u00e9s et att\u00e9nuer la majorit\u00e9 des rayures pr\u00e9sentes sur l'ensemble. Quelques d\u00e9faut dans le vernis sont encore visible, mais cette restauration lui permettra d'avoir une seconde vie !","og_url":"https:\/\/atelierlabarbue.com\/index.php\/table-de-nuit-annees-60\/","og_site_name":"Atelier la barbue","article_publisher":"https:\/\/www.facebook.com\/profile.php?id=100090210846448","og_image":[{"url":"http:\/\/atelierlabarbue.com\/wp-content\/uploads\/2025\/03\/GRANDEDSC_6269-copie-819x1024.jpg","type":"","width":"","height":""}],"twitter_card":"summary_large_image","twitter_misc":{"Dur\u00e9e de lecture estim\u00e9e":"2 minutes"},"schema":{"@context":"https:\/\/schema.org","@graph":[{"@type":"WebPage","@id":"https:\/\/atelierlabarbue.com\/index.php\/table-de-nuit-annees-60\/","url":"https:\/\/atelierlabarbue.com\/index.php\/table-de-nuit-annees-60\/","name":"Table de nuit ann\u00e9es 60 - Atelier la barbue","isPartOf":{"@id":"https:\/\/atelierlabarbue.com\/#website"},"primaryImageOfPage":{"@id":"https:\/\/atelierlabarbue.com\/index.php\/table-de-nuit-annees-60\/#primaryimage"},"image":{"@id":"https:\/\/atelierlabarbue.com\/index.php\/table-de-nuit-annees-60\/#primaryimage"},"thumbnailUrl":"http:\/\/atelierlabarbue.com\/wp-content\/uploads\/2025\/03\/GRANDEDSC_6269-copie-819x1024.jpg","datePublished":"2025-03-24T10:23:54+00:00","description":"J'ai chin\u00e9 cette table de nuit datant des ann\u00e9es 60 puis je l'ai restaur\u00e9e. La majeure partie de la restauration a consist\u00e9 \u00e0 faire plusieurs greffes de placage sur les c\u00f4t\u00e9s et att\u00e9nuer la majorit\u00e9 des rayures pr\u00e9sentes sur l'ensemble. Quelques d\u00e9faut dans le vernis sont encore visible, mais cette restauration lui permettra d'avoir une seconde vie !","breadcrumb":{"@id":"https:\/\/atelierlabarbue.com\/index.php\/table-de-nuit-annees-60\/#breadcrumb"},"inLanguage":"fr-FR","potentialAction":[{"@type":"ReadAction","target":["https:\/\/atelierlabarbue.com\/index.php\/table-de-nuit-annees-60\/"]}]},{"@type":"ImageObject","inLanguage":"fr-FR","@id":"https:\/\/atelierlabarbue.com\/index.php\/table-de-nuit-annees-60\/#primaryimage","url":"https:\/\/atelierlabarbue.com\/wp-content\/uploads\/2025\/03\/GRANDEDSC_6269-copie-scaled.jpg","contentUrl":"https:\/\/atelierlabarbue.com\/wp-content\/uploads\/2025\/03\/GRANDEDSC_6269-copie-scaled.jpg","width":2048,"height":2560},{"@type":"BreadcrumbList","@id":"https:\/\/atelierlabarbue.com\/index.php\/table-de-nuit-annees-60\/#breadcrumb","itemListElement":[{"@type":"ListItem","position":1,"name":"Accueil","item":"https:\/\/atelierlabarbue.com\/"},{"@type":"ListItem","position":2,"name":"Table de nuit ann\u00e9es 60"}]},{"@type":"WebSite","@id":"https:\/\/atelierlabarbue.com\/#website","url":"https:\/\/atelierlabarbue.com\/","name":"Atelier la barbue","description":"Restauration de meubles anciens, \u00e9b\u00e9nisterie, cr\u00e9ation de bijoux bois bijoux","publisher":{"@id":"https:\/\/atelierlabarbue.com\/#organization"},"potentialAction":[{"@type":"SearchAction","target":{"@type":"EntryPoint","urlTemplate":"https:\/\/atelierlabarbue.com\/?s={search_term_string}"},"query-input":{"@type":"PropertyValueSpecification","valueRequired":true,"valueName":"search_term_string"}}],"inLanguage":"fr-FR"},{"@type":"Organization","@id":"https:\/\/atelierlabarbue.com\/#organization","name":"Atelier la barbue","url":"https:\/\/atelierlabarbue.com\/","logo":{"@type":"ImageObject","inLanguage":"fr-FR","@id":"https:\/\/atelierlabarbue.com\/#\/schema\/logo\/image\/","url":"https:\/\/atelierlabarbue.com\/wp-content\/uploads\/2023\/08\/favicon2.png","contentUrl":"https:\/\/atelierlabarbue.com\/wp-content\/uploads\/2023\/08\/favicon2.png","width":512,"height":512,"caption":"Atelier la barbue"},"image":{"@id":"https:\/\/atelierlabarbue.com\/#\/schema\/logo\/image\/"},"sameAs":["https:\/\/www.facebook.com\/profile.php?id=100090210846448","https:\/\/www.instagram.com\/atelierlabarbue\/"]}]}},"_links":{"self":[{"href":"https:\/\/atelierlabarbue.com\/index.php\/wp-json\/wp\/v2\/pages\/1719","targetHints":{"allow":["GET"]}}],"collection":[{"href":"https:\/\/atelierlabarbue.com\/index.php\/wp-json\/wp\/v2\/pages"}],"about":[{"href":"https:\/\/atelierlabarbue.com\/index.php\/wp-json\/wp\/v2\/types\/page"}],"author":[{"embeddable":true,"href":"https:\/\/atelierlabarbue.com\/index.php\/wp-json\/wp\/v2\/users\/1"}],"replies":[{"embeddable":true,"href":"https:\/\/atelierlabarbue.com\/index.php\/wp-json\/wp\/v2\/comments?post=1719"}],"version-history":[{"count":1,"href":"https:\/\/atelierlabarbue.com\/index.php\/wp-json\/wp\/v2\/pages\/1719\/revisions"}],"predecessor-version":[{"id":1721,"href":"https:\/\/atelierlabarbue.com\/index.php\/wp-json\/wp\/v2\/pages\/1719\/revisions\/1721"}],"wp:attachment":[{"href":"https:\/\/atelierlabarbue.com\/index.php\/wp-json\/wp\/v2\/media?parent=1719"}],"curies":[{"name":"wp","href":"https:\/\/api.w.org\/{rel}","templated":true}]}}