{"id":446,"date":"2023-06-30T11:28:34","date_gmt":"2023-06-30T09:28:34","guid":{"rendered":"http:\/\/atelierlabarbue.com\/?page_id=446"},"modified":"2023-07-06T11:14:12","modified_gmt":"2023-07-06T09:14:12","slug":"claustra-pour-plan-de-travail","status":"publish","type":"page","link":"https:\/\/atelierlabarbue.com\/index.php\/claustra-pour-plan-de-travail\/","title":{"rendered":"Claustra pour plan de travail"},"content":{"rendered":"\n<div class=\"wp-block-columns is-layout-flex wp-container-core-columns-is-layout-28f84493 wp-block-columns-is-layout-flex\">\n<div class=\"wp-block-column is-layout-flow wp-block-column-is-layout-flow\">\n<figure class=\"wp-block-image size-large has-custom-border\"><img loading=\"lazy\" decoding=\"async\" width=\"768\" height=\"1024\" src=\"http:\/\/atelierlabarbue.com\/wp-content\/uploads\/2023\/06\/plan-de-travail-768x1024.jpg\" alt=\"claustra pour plan de travail Rennes\" class=\"wp-image-447\" style=\"border-width:1px\" srcset=\"https:\/\/atelierlabarbue.com\/wp-content\/uploads\/2023\/06\/plan-de-travail-768x1024.jpg 768w, https:\/\/atelierlabarbue.com\/wp-content\/uploads\/2023\/06\/plan-de-travail-225x300.jpg 225w, https:\/\/atelierlabarbue.com\/wp-content\/uploads\/2023\/06\/plan-de-travail-1152x1536.jpg 1152w, https:\/\/atelierlabarbue.com\/wp-content\/uploads\/2023\/06\/plan-de-travail-1536x2048.jpg 1536w, https:\/\/atelierlabarbue.com\/wp-content\/uploads\/2023\/06\/plan-de-travail-1170x1560.jpg 1170w, https:\/\/atelierlabarbue.com\/wp-content\/uploads\/2023\/06\/plan-de-travail-scaled.jpg 1920w\" sizes=\"auto, (max-width: 768px) 100vw, 768px\" \/><\/figure>\n<\/div>\n\n\n\n<div class=\"wp-block-column is-layout-flow wp-block-column-is-layout-flow\">\n<p>Fabrication d\u2019un claustra en sapin pour habiller la fa\u00e7ade d&rsquo;un plan de travail. <\/p>\n\n\n\n<p>Parfois agr\u00e9ment\u00e9s d&rsquo;un rideau ou d&rsquo;une fa\u00e7ade de faux tiroirs, ce type de plan de travail \u00e9troit s&rsquo;habille volontiers d&rsquo;un claustra! <\/p>\n\n\n\n<p>Visuellement, il n\u2019apporte pas de lourdeur, illumine la pi\u00e8ce par sa couleur naturelle et apporte une touche chaleureuse par sa mati\u00e8re. Il permet de dissimuler de l\u2019espace de stockage et int\u00e8gre un espace de rangement !&nbsp;&nbsp;<\/p>\n<\/div>\n<\/div>\n\n\n\n<p>Vous souhaitez recevoir une proposition de claustra sur mesure? <a href=\"http:\/\/atelierlabarbue.com\/index.php\/contact-latelier-la-barbue\/\" target=\"_blank\" rel=\"noreferrer noopener\">Contacter l&rsquo;Atelier la Barbue<\/a><\/p>\n\n\n\n<p class=\"has-small-font-size\">Et retrouvez l&rsquo;actualit\u00e9 de la Barbue sur les r\u00e9seaux : <\/p>\n\n\n\n<div id=\"wp-block-themeisle-blocks-font-awesome-icons-6aac1d2d\" class=\"wp-block-themeisle-blocks-font-awesome-icons\"><span class=\"wp-block-themeisle-blocks-font-awesome-icons-container\"><a href=\"https:\/\/www.facebook.com\/profile.php?id=100090210846448\" target=\"_self\" rel=\"noopener noreferrer\"><i class=\"fab fa-facebook\"><\/i><\/a><\/span><\/div>\n\n\n\n<div id=\"wp-block-themeisle-blocks-font-awesome-icons-79bf7b6e\" class=\"wp-block-themeisle-blocks-font-awesome-icons\"><span class=\"wp-block-themeisle-blocks-font-awesome-icons-container\"><a href=\"https:\/\/www.instagram.com\/atelierlabarbue\/\" target=\"_self\" rel=\"noopener noreferrer\"><i class=\"fab fa-instagram\"><\/i><\/a><\/span><\/div>\n","protected":false},"excerpt":{"rendered":"<p>Fabrication d\u2019un claustra en sapin pour habiller la fa\u00e7ade d&rsquo;un plan de travail. Parfois agr\u00e9ment\u00e9s d&rsquo;un rideau ou d&rsquo;une fa\u00e7ade de faux tiroirs, ce type de plan de travail \u00e9troit s&rsquo;habille volontiers d&rsquo;un claustra! Visuellement, il n\u2019apporte pas de lourdeur, illumine la pi\u00e8ce par sa couleur naturelle et apporte une touche chaleureuse par sa mati\u00e8re. [&hellip;]<\/p>\n","protected":false},"author":1,"featured_media":0,"parent":0,"menu_order":0,"comment_status":"closed","ping_status":"closed","template":"","meta":{"_themeisle_gutenberg_block_has_review":false,"footnotes":""},"class_list":["post-446","page","type-page","status-publish","hentry"],"yoast_head":"<!-- This site is optimized with the Yoast SEO plugin v27.4 - https:\/\/yoast.com\/product\/yoast-seo-wordpress\/ -->\n<title>Claustra pour plan de travail - Atelier la barbue<\/title>\n<meta name=\"description\" content=\"Fabrication d\u2019une fa\u00e7ade en claustra pour un plan de travail en sapin. ce type de plan de travail \u00e9troit s&#039;habille volontiers d&#039;un claustra\" \/>\n<meta name=\"robots\" content=\"index, follow, max-snippet:-1, max-image-preview:large, max-video-preview:-1\" \/>\n<link rel=\"canonical\" href=\"https:\/\/atelierlabarbue.com\/index.php\/claustra-pour-plan-de-travail\/\" \/>\n<meta property=\"og:locale\" content=\"fr_FR\" \/>\n<meta property=\"og:type\" content=\"article\" \/>\n<meta property=\"og:title\" content=\"Claustra pour plan de travail - Atelier la barbue\" \/>\n<meta property=\"og:description\" content=\"Fabrication d\u2019une fa\u00e7ade en claustra pour un plan de travail en sapin. ce type de plan de travail \u00e9troit s&#039;habille volontiers d&#039;un claustra\" \/>\n<meta property=\"og:url\" content=\"https:\/\/atelierlabarbue.com\/index.php\/claustra-pour-plan-de-travail\/\" \/>\n<meta property=\"og:site_name\" content=\"Atelier la barbue\" \/>\n<meta property=\"article:publisher\" content=\"https:\/\/www.facebook.com\/profile.php?id=100090210846448\" \/>\n<meta property=\"article:modified_time\" content=\"2023-07-06T09:14:12+00:00\" \/>\n<meta property=\"og:image\" content=\"http:\/\/atelierlabarbue.com\/wp-content\/uploads\/2023\/06\/plan-de-travail-768x1024.jpg\" \/>\n<meta name=\"twitter:card\" content=\"summary_large_image\" \/>\n<meta name=\"twitter:label1\" content=\"Dur\u00e9e de lecture estim\u00e9e\" \/>\n\t<meta name=\"twitter:data1\" content=\"1 minute\" \/>\n<script type=\"application\/ld+json\" class=\"yoast-schema-graph\">{\"@context\":\"https:\\\/\\\/schema.org\",\"@graph\":[{\"@type\":\"WebPage\",\"@id\":\"https:\\\/\\\/atelierlabarbue.com\\\/index.php\\\/claustra-pour-plan-de-travail\\\/\",\"url\":\"https:\\\/\\\/atelierlabarbue.com\\\/index.php\\\/claustra-pour-plan-de-travail\\\/\",\"name\":\"Claustra pour plan de travail - Atelier la barbue\",\"isPartOf\":{\"@id\":\"https:\\\/\\\/atelierlabarbue.com\\\/#website\"},\"primaryImageOfPage\":{\"@id\":\"https:\\\/\\\/atelierlabarbue.com\\\/index.php\\\/claustra-pour-plan-de-travail\\\/#primaryimage\"},\"image\":{\"@id\":\"https:\\\/\\\/atelierlabarbue.com\\\/index.php\\\/claustra-pour-plan-de-travail\\\/#primaryimage\"},\"thumbnailUrl\":\"http:\\\/\\\/atelierlabarbue.com\\\/wp-content\\\/uploads\\\/2023\\\/06\\\/plan-de-travail-768x1024.jpg\",\"datePublished\":\"2023-06-30T09:28:34+00:00\",\"dateModified\":\"2023-07-06T09:14:12+00:00\",\"description\":\"Fabrication d\u2019une fa\u00e7ade en claustra pour un plan de travail en sapin. ce type de plan de travail \u00e9troit s'habille volontiers d'un claustra\",\"breadcrumb\":{\"@id\":\"https:\\\/\\\/atelierlabarbue.com\\\/index.php\\\/claustra-pour-plan-de-travail\\\/#breadcrumb\"},\"inLanguage\":\"fr-FR\",\"potentialAction\":[{\"@type\":\"ReadAction\",\"target\":[\"https:\\\/\\\/atelierlabarbue.com\\\/index.php\\\/claustra-pour-plan-de-travail\\\/\"]}]},{\"@type\":\"ImageObject\",\"inLanguage\":\"fr-FR\",\"@id\":\"https:\\\/\\\/atelierlabarbue.com\\\/index.php\\\/claustra-pour-plan-de-travail\\\/#primaryimage\",\"url\":\"http:\\\/\\\/atelierlabarbue.com\\\/wp-content\\\/uploads\\\/2023\\\/06\\\/plan-de-travail-768x1024.jpg\",\"contentUrl\":\"http:\\\/\\\/atelierlabarbue.com\\\/wp-content\\\/uploads\\\/2023\\\/06\\\/plan-de-travail-768x1024.jpg\"},{\"@type\":\"BreadcrumbList\",\"@id\":\"https:\\\/\\\/atelierlabarbue.com\\\/index.php\\\/claustra-pour-plan-de-travail\\\/#breadcrumb\",\"itemListElement\":[{\"@type\":\"ListItem\",\"position\":1,\"name\":\"Accueil\",\"item\":\"https:\\\/\\\/atelierlabarbue.com\\\/\"},{\"@type\":\"ListItem\",\"position\":2,\"name\":\"Claustra pour plan de travail\"}]},{\"@type\":\"WebSite\",\"@id\":\"https:\\\/\\\/atelierlabarbue.com\\\/#website\",\"url\":\"https:\\\/\\\/atelierlabarbue.com\\\/\",\"name\":\"Atelier la barbue\",\"description\":\"Restauration de meubles anciens, \u00e9b\u00e9nisterie, cr\u00e9ation de bijoux bois bijoux\",\"publisher\":{\"@id\":\"https:\\\/\\\/atelierlabarbue.com\\\/#organization\"},\"potentialAction\":[{\"@type\":\"SearchAction\",\"target\":{\"@type\":\"EntryPoint\",\"urlTemplate\":\"https:\\\/\\\/atelierlabarbue.com\\\/?s={search_term_string}\"},\"query-input\":{\"@type\":\"PropertyValueSpecification\",\"valueRequired\":true,\"valueName\":\"search_term_string\"}}],\"inLanguage\":\"fr-FR\"},{\"@type\":\"Organization\",\"@id\":\"https:\\\/\\\/atelierlabarbue.com\\\/#organization\",\"name\":\"Atelier la barbue\",\"url\":\"https:\\\/\\\/atelierlabarbue.com\\\/\",\"logo\":{\"@type\":\"ImageObject\",\"inLanguage\":\"fr-FR\",\"@id\":\"https:\\\/\\\/atelierlabarbue.com\\\/#\\\/schema\\\/logo\\\/image\\\/\",\"url\":\"https:\\\/\\\/atelierlabarbue.com\\\/wp-content\\\/uploads\\\/2023\\\/08\\\/favicon2.png\",\"contentUrl\":\"https:\\\/\\\/atelierlabarbue.com\\\/wp-content\\\/uploads\\\/2023\\\/08\\\/favicon2.png\",\"width\":512,\"height\":512,\"caption\":\"Atelier la barbue\"},\"image\":{\"@id\":\"https:\\\/\\\/atelierlabarbue.com\\\/#\\\/schema\\\/logo\\\/image\\\/\"},\"sameAs\":[\"https:\\\/\\\/www.facebook.com\\\/profile.php?id=100090210846448\",\"https:\\\/\\\/www.instagram.com\\\/atelierlabarbue\\\/\"]}]}<\/script>\n<!-- \/ Yoast SEO plugin. -->","yoast_head_json":{"title":"Claustra pour plan de travail - Atelier la barbue","description":"Fabrication d\u2019une fa\u00e7ade en claustra pour un plan de travail en sapin. ce type de plan de travail \u00e9troit s'habille volontiers d'un claustra","robots":{"index":"index","follow":"follow","max-snippet":"max-snippet:-1","max-image-preview":"max-image-preview:large","max-video-preview":"max-video-preview:-1"},"canonical":"https:\/\/atelierlabarbue.com\/index.php\/claustra-pour-plan-de-travail\/","og_locale":"fr_FR","og_type":"article","og_title":"Claustra pour plan de travail - Atelier la barbue","og_description":"Fabrication d\u2019une fa\u00e7ade en claustra pour un plan de travail en sapin. ce type de plan de travail \u00e9troit s'habille volontiers d'un claustra","og_url":"https:\/\/atelierlabarbue.com\/index.php\/claustra-pour-plan-de-travail\/","og_site_name":"Atelier la barbue","article_publisher":"https:\/\/www.facebook.com\/profile.php?id=100090210846448","article_modified_time":"2023-07-06T09:14:12+00:00","og_image":[{"url":"http:\/\/atelierlabarbue.com\/wp-content\/uploads\/2023\/06\/plan-de-travail-768x1024.jpg","type":"","width":"","height":""}],"twitter_card":"summary_large_image","twitter_misc":{"Dur\u00e9e de lecture estim\u00e9e":"1 minute"},"schema":{"@context":"https:\/\/schema.org","@graph":[{"@type":"WebPage","@id":"https:\/\/atelierlabarbue.com\/index.php\/claustra-pour-plan-de-travail\/","url":"https:\/\/atelierlabarbue.com\/index.php\/claustra-pour-plan-de-travail\/","name":"Claustra pour plan de travail - Atelier la barbue","isPartOf":{"@id":"https:\/\/atelierlabarbue.com\/#website"},"primaryImageOfPage":{"@id":"https:\/\/atelierlabarbue.com\/index.php\/claustra-pour-plan-de-travail\/#primaryimage"},"image":{"@id":"https:\/\/atelierlabarbue.com\/index.php\/claustra-pour-plan-de-travail\/#primaryimage"},"thumbnailUrl":"http:\/\/atelierlabarbue.com\/wp-content\/uploads\/2023\/06\/plan-de-travail-768x1024.jpg","datePublished":"2023-06-30T09:28:34+00:00","dateModified":"2023-07-06T09:14:12+00:00","description":"Fabrication d\u2019une fa\u00e7ade en claustra pour un plan de travail en sapin. ce type de plan de travail \u00e9troit s'habille volontiers d'un claustra","breadcrumb":{"@id":"https:\/\/atelierlabarbue.com\/index.php\/claustra-pour-plan-de-travail\/#breadcrumb"},"inLanguage":"fr-FR","potentialAction":[{"@type":"ReadAction","target":["https:\/\/atelierlabarbue.com\/index.php\/claustra-pour-plan-de-travail\/"]}]},{"@type":"ImageObject","inLanguage":"fr-FR","@id":"https:\/\/atelierlabarbue.com\/index.php\/claustra-pour-plan-de-travail\/#primaryimage","url":"http:\/\/atelierlabarbue.com\/wp-content\/uploads\/2023\/06\/plan-de-travail-768x1024.jpg","contentUrl":"http:\/\/atelierlabarbue.com\/wp-content\/uploads\/2023\/06\/plan-de-travail-768x1024.jpg"},{"@type":"BreadcrumbList","@id":"https:\/\/atelierlabarbue.com\/index.php\/claustra-pour-plan-de-travail\/#breadcrumb","itemListElement":[{"@type":"ListItem","position":1,"name":"Accueil","item":"https:\/\/atelierlabarbue.com\/"},{"@type":"ListItem","position":2,"name":"Claustra pour plan de travail"}]},{"@type":"WebSite","@id":"https:\/\/atelierlabarbue.com\/#website","url":"https:\/\/atelierlabarbue.com\/","name":"Atelier la barbue","description":"Restauration de meubles anciens, \u00e9b\u00e9nisterie, cr\u00e9ation de bijoux bois bijoux","publisher":{"@id":"https:\/\/atelierlabarbue.com\/#organization"},"potentialAction":[{"@type":"SearchAction","target":{"@type":"EntryPoint","urlTemplate":"https:\/\/atelierlabarbue.com\/?s={search_term_string}"},"query-input":{"@type":"PropertyValueSpecification","valueRequired":true,"valueName":"search_term_string"}}],"inLanguage":"fr-FR"},{"@type":"Organization","@id":"https:\/\/atelierlabarbue.com\/#organization","name":"Atelier la barbue","url":"https:\/\/atelierlabarbue.com\/","logo":{"@type":"ImageObject","inLanguage":"fr-FR","@id":"https:\/\/atelierlabarbue.com\/#\/schema\/logo\/image\/","url":"https:\/\/atelierlabarbue.com\/wp-content\/uploads\/2023\/08\/favicon2.png","contentUrl":"https:\/\/atelierlabarbue.com\/wp-content\/uploads\/2023\/08\/favicon2.png","width":512,"height":512,"caption":"Atelier la barbue"},"image":{"@id":"https:\/\/atelierlabarbue.com\/#\/schema\/logo\/image\/"},"sameAs":["https:\/\/www.facebook.com\/profile.php?id=100090210846448","https:\/\/www.instagram.com\/atelierlabarbue\/"]}]}},"_links":{"self":[{"href":"https:\/\/atelierlabarbue.com\/index.php\/wp-json\/wp\/v2\/pages\/446","targetHints":{"allow":["GET"]}}],"collection":[{"href":"https:\/\/atelierlabarbue.com\/index.php\/wp-json\/wp\/v2\/pages"}],"about":[{"href":"https:\/\/atelierlabarbue.com\/index.php\/wp-json\/wp\/v2\/types\/page"}],"author":[{"embeddable":true,"href":"https:\/\/atelierlabarbue.com\/index.php\/wp-json\/wp\/v2\/users\/1"}],"replies":[{"embeddable":true,"href":"https:\/\/atelierlabarbue.com\/index.php\/wp-json\/wp\/v2\/comments?post=446"}],"version-history":[{"count":11,"href":"https:\/\/atelierlabarbue.com\/index.php\/wp-json\/wp\/v2\/pages\/446\/revisions"}],"predecessor-version":[{"id":952,"href":"https:\/\/atelierlabarbue.com\/index.php\/wp-json\/wp\/v2\/pages\/446\/revisions\/952"}],"wp:attachment":[{"href":"https:\/\/atelierlabarbue.com\/index.php\/wp-json\/wp\/v2\/media?parent=446"}],"curies":[{"name":"wp","href":"https:\/\/api.w.org\/{rel}","templated":true}]}}